{"id":18,"date":"2022-02-06T09:12:04","date_gmt":"2022-02-06T09:12:04","guid":{"rendered":"http:\/\/bdbyte.com\/?page_id=18"},"modified":"2022-12-19T15:13:17","modified_gmt":"2022-12-19T15:13:17","slug":"home","status":"publish","type":"page","link":"https:\/\/bdbyte.com\/","title":{"rendered":"HOME"},"content":{"rendered":"\n<div class=\"wp-block-columns is-layout-flex wp-block-columns-is-layout-flex\">\n<div class=\"wp-block-column is-layout-flow wp-block-column-is-layout-flow\">\n<figure class=\"wp-block-image size-full border\"><img fetchpriority=\"high\" decoding=\"async\" width=\"560\" height=\"420\" src=\"http:\/\/bdbyte.com\/wp-content\/uploads\/2022\/10\/illuminotecnico.jpg\" alt=\"\" class=\"wp-image-60\" srcset=\"https:\/\/bdbyte.com\/wp-content\/uploads\/2022\/10\/illuminotecnico.jpg 560w, https:\/\/bdbyte.com\/wp-content\/uploads\/2022\/10\/illuminotecnico-300x225.jpg 300w\" sizes=\"(max-width: 560px) 100vw, 560px\" \/><\/figure>\n\n\n\n<h5 class=\"wp-block-heading\">Lighting Engineering<\/h5>\n\n\n\n<p>Ingegneria Illuminotecnica per la progettazione ingegneristica illuminotecnica urbana, industriale e civile<\/p>\n\n\n\n<div class=\"wp-block-buttons is-layout-flex wp-block-buttons-is-layout-flex\">\n<div class=\"wp-block-button is-style-outline is-style-outline--1\"><a class=\"wp-block-button__link wp-element-button\" href=\"http:\/\/bdbyte.com\/index.php\/illuminotecnica\/\">Read more<\/a><\/div>\n<\/div>\n\n\n\n<div style=\"height:20px\" aria-hidden=\"true\" class=\"wp-block-spacer\"><\/div>\n<\/div>\n\n\n\n<div class=\"wp-block-column is-layout-flow wp-block-column-is-layout-flow\">\n<figure class=\"wp-block-image size-full is-resized border\"><img decoding=\"async\" src=\"http:\/\/bdbyte.com\/wp-content\/uploads\/2022\/10\/Progettazione.png\" alt=\"\" class=\"wp-image-56\" width=\"286\" height=\"145\" srcset=\"https:\/\/bdbyte.com\/wp-content\/uploads\/2022\/10\/Progettazione.png 923w, https:\/\/bdbyte.com\/wp-content\/uploads\/2022\/10\/Progettazione-300x153.png 300w, https:\/\/bdbyte.com\/wp-content\/uploads\/2022\/10\/Progettazione-768x392.png 768w\" sizes=\"(max-width: 286px) 100vw, 286px\" \/><figcaption class=\"wp-element-caption\"> <\/figcaption><\/figure>\n\n\n\n<h5 class=\"wp-block-heading\">Progettazione Civile ed Industriale<\/h5>\n\n\n\n<p>Settore Ingegneria strutturale ed impiantistica, per ambienti pi\u00f9 sani, ecocompatibili e sostenibili per un futuro migliore<\/p>\n\n\n\n<div class=\"wp-block-buttons is-layout-flex wp-block-buttons-is-layout-flex\">\n<div class=\"wp-block-button is-style-outline is-style-outline--2\"><a class=\"wp-block-button__link wp-element-button\" href=\"http:\/\/bdbyte.com\/index.php\/progettazione-civile-ed-industriale\/\">Read more<\/a><\/div>\n<\/div>\n\n\n\n<div style=\"height:20px\" aria-hidden=\"true\" class=\"wp-block-spacer\"><\/div>\n<\/div>\n\n\n\n<div class=\"wp-block-column is-layout-flow wp-block-column-is-layout-flow\">\n<figure class=\"wp-block-image size-full is-resized border\"><img decoding=\"async\" src=\"http:\/\/bdbyte.com\/wp-content\/uploads\/2022\/10\/progettista_antincendio_corso.jpg\" alt=\"\" class=\"wp-image-57\" width=\"290\" height=\"164\" srcset=\"https:\/\/bdbyte.com\/wp-content\/uploads\/2022\/10\/progettista_antincendio_corso.jpg 624w, https:\/\/bdbyte.com\/wp-content\/uploads\/2022\/10\/progettista_antincendio_corso-300x170.jpg 300w, https:\/\/bdbyte.com\/wp-content\/uploads\/2022\/10\/progettista_antincendio_corso-320x180.jpg 320w\" sizes=\"(max-width: 290px) 100vw, 290px\" \/><figcaption class=\"wp-element-caption\"> <\/figcaption><\/figure>\n\n\n\n<h5 class=\"wp-block-heading\">Progettazione Antincendio<\/h5>\n\n\n\n<p>Settore Ingegneria antincendio progetti e pratiche VVF per settore Industriale o civile, per una sicurezza all'avanguardia ed accessibile.<\/p>\n\n\n\n<div class=\"wp-block-buttons is-layout-flex wp-block-buttons-is-layout-flex\">\n<div class=\"wp-block-button is-style-outline is-style-outline--3\"><a class=\"wp-block-button__link wp-element-button\" href=\"http:\/\/bdbyte.com\/index.php\/progettazione-antincendio\/\">Read more<\/a><\/div>\n<\/div>\n\n\n\n<div style=\"height:20px\" aria-hidden=\"true\" class=\"wp-block-spacer\"><\/div>\n<\/div>\n\n\n\n<div class=\"wp-block-column is-layout-flow wp-block-column-is-layout-flow\">\n<figure class=\"wp-block-image size-full border\"><img loading=\"lazy\" decoding=\"async\" width=\"300\" height=\"193\" src=\"http:\/\/bdbyte.com\/wp-content\/uploads\/2022\/10\/Rinnovabile-Renevable.jpg\" alt=\"\" class=\"wp-image-58\"\/><figcaption class=\"wp-element-caption\"> <\/figcaption><\/figure>\n\n\n\n<h5 class=\"wp-block-heading\">Impianti Rinnovabili<\/h5>\n\n\n\n<p>Settore Ingegneria Rinnovabile, Progettazione e pratiche GSE di impianti fotovoltaici, biogas, eolici e geotermici.<\/p>\n\n\n\n<div class=\"wp-block-buttons is-layout-flex wp-block-buttons-is-layout-flex\">\n<div class=\"wp-block-button is-style-outline is-style-outline--4\"><a class=\"wp-block-button__link wp-element-button\" href=\"http:\/\/bdbyte.com\/index.php\/energie-rinnovabili\/\">Read more<\/a><\/div>\n<\/div>\n\n\n\n<div style=\"height:20px\" aria-hidden=\"true\" class=\"wp-block-spacer\"><\/div>\n<\/div>\n<\/div>\n\n\n\n<div class=\"wp-block-cover alignfull is-light\" style=\"min-height:250px\"><span aria-hidden=\"true\" class=\"wp-block-cover__background has-background-dim-100 has-background-dim\" style=\"background-color:#f3f3f3\"><\/span><div class=\"wp-block-cover__inner-container is-layout-flow wp-block-cover-is-layout-flow\">\n<div class=\"wp-block-columns are-vertically-aligned-center is-layout-flex wp-block-columns-is-layout-flex\">\n<div class=\"wp-block-column is-vertically-aligned-center is-layout-flow wp-block-column-is-layout-flow\" style=\"flex-basis:33.33%\"><div class=\"wp-block-image\">\n<figure class=\"aligncenter size-full\"><img loading=\"lazy\" decoding=\"async\" width=\"280\" height=\"180\" src=\"http:\/\/bdbyte.com\/wp-content\/uploads\/2022\/10\/Software.jpg\" alt=\"\" class=\"wp-image-63\"\/><\/figure>\n<\/div><\/div>\n\n\n\n<div class=\"wp-block-column is-vertically-aligned-center is-layout-flow wp-block-column-is-layout-flow\" style=\"flex-basis:66.66%\">\n<h4 class=\"has-black-color has-text-color wp-block-heading\">Ingegneria del Software<\/h4>\n\n\n\n<p class=\"has-black-color has-text-color\">Soluzioni web based per processi aziendali, per la qualit\u00e0 aziendale, per un lavoro agile, per un welfare aziendale. L'ingegneria del Software \u00e8 sempre pi\u00f9 una realt\u00e0 che si sta affermando vista la necessit\u00e0 di migliorare performance e qualit\u00e0 di vita, ridurre i consumi energetici e gli impatti ambientali tramite la dematerializzazione documentale. Lo Studio di Ingegneria Brilli, con la sua esperienza multidisciplinare vi permetter\u00e0 di integrare e semplificare la vostra vita lavorativa e quella dei vostri dipendenti.<\/p>\n<\/div>\n<\/div>\n<\/div><\/div>\n\n\n\n<div style=\"height:60px\" aria-hidden=\"true\" class=\"wp-block-spacer\"><\/div>\n\n\n\n<h2 class=\"wp-block-heading\">News &amp; Information<\/h2>\n\n\n<ul class=\"wp-block-latest-posts__list has-dates wp-block-latest-posts\"><li><div class=\"wp-block-latest-posts__featured-image alignleft\"><a href=\"https:\/\/bdbyte.com\/index.php\/2024\/03\/15\/amac-sistema-di-gestione-cimiteriale\/\" aria-label=\"AMAc - Sistema di Gestione Cimiteriale\"><img loading=\"lazy\" decoding=\"async\" width=\"147\" height=\"148\" src=\"https:\/\/bdbyte.com\/wp-content\/uploads\/2024\/03\/AMAc1.png\" class=\"attachment-thumbnail size-thumbnail wp-post-image\" alt=\"\" style=\"\" \/><\/a><\/div><a class=\"wp-block-latest-posts__post-title\" href=\"https:\/\/bdbyte.com\/index.php\/2024\/03\/15\/amac-sistema-di-gestione-cimiteriale\/\">AMAc - Sistema di Gestione Cimiteriale<\/a><time datetime=\"2024-03-15T08:32:48+00:00\" class=\"wp-block-latest-posts__post-date\">Marzo 15, 2024<\/time><div class=\"wp-block-latest-posts__post-excerpt\">Sistema di gestione web cimiteriale che permette l'utilizzo remoto dello stesse da parte di Utenza e gestore. Gestione loculi, ossari, urne cinerarie, campi comuni, ordini di servizio, luci votive.\nSistema social per lasciare pensieri e foto ai propri cari estinti. previsioni di occupabilit\u00e0 dei loculi, stato del cimitero, tutto sotto controllo.<\/div><\/li>\n<li><div class=\"wp-block-latest-posts__featured-image alignleft\"><a href=\"https:\/\/bdbyte.com\/index.php\/2022\/12\/19\/food-management-tool\/\" aria-label=\"Food Management Tool\"><img loading=\"lazy\" decoding=\"async\" width=\"150\" height=\"150\" src=\"https:\/\/bdbyte.com\/wp-content\/uploads\/2022\/12\/image-150x150.png\" class=\"attachment-thumbnail size-thumbnail wp-post-image\" alt=\"\" style=\"\" \/><\/a><\/div><a class=\"wp-block-latest-posts__post-title\" href=\"https:\/\/bdbyte.com\/index.php\/2022\/12\/19\/food-management-tool\/\">Food Management Tool<\/a><time datetime=\"2022-12-19T15:16:23+00:00\" class=\"wp-block-latest-posts__post-date\">Dicembre 19, 2022<\/time><div class=\"wp-block-latest-posts__post-excerpt\">Sistema di gestione ristorazione con intrattenimento. Per una serata divertente e dinamica<\/div><\/li>\n<li><div class=\"wp-block-latest-posts__featured-image alignleft\"><a href=\"https:\/\/bdbyte.com\/index.php\/2022\/11\/01\/ama-advanced-maintenance-application\/\" aria-label=\"AMA (advanced maintenance application)\"><img loading=\"lazy\" decoding=\"async\" width=\"150\" height=\"150\" src=\"https:\/\/bdbyte.com\/wp-content\/uploads\/2022\/11\/AMA_Logo_OK-150x150.png\" class=\"attachment-thumbnail size-thumbnail wp-post-image\" alt=\"\" style=\"\" srcset=\"https:\/\/bdbyte.com\/wp-content\/uploads\/2022\/11\/AMA_Logo_OK-150x150.png 150w, https:\/\/bdbyte.com\/wp-content\/uploads\/2022\/11\/AMA_Logo_OK-300x300.png 300w, https:\/\/bdbyte.com\/wp-content\/uploads\/2022\/11\/AMA_Logo_OK-1024x1024.png 1024w, https:\/\/bdbyte.com\/wp-content\/uploads\/2022\/11\/AMA_Logo_OK-768x768.png 768w, https:\/\/bdbyte.com\/wp-content\/uploads\/2022\/11\/AMA_Logo_OK-1536x1536.png 1536w, https:\/\/bdbyte.com\/wp-content\/uploads\/2022\/11\/AMA_Logo_OK.png 1608w\" sizes=\"(max-width: 150px) 100vw, 150px\" \/><\/a><\/div><a class=\"wp-block-latest-posts__post-title\" href=\"https:\/\/bdbyte.com\/index.php\/2022\/11\/01\/ama-advanced-maintenance-application\/\">AMA (advanced maintenance application)<\/a><time datetime=\"2022-11-01T11:06:44+00:00\" class=\"wp-block-latest-posts__post-date\">Novembre 1, 2022<\/time><div class=\"wp-block-latest-posts__post-excerpt\">Il Nostro studio \u00e8 lieto di presentarvi AMA il sistema gestionale degli interventi di manutenzione che pu\u00f2 essere applicato ad ogni esigenza professionale e gestionale, capace di seguire tutte le procedure, dalla segnalazione alla chiusura dell'intervento, monitorando costi, documenti ed attivit\u00e0. l'applicativo, totalmente personalizzabile e modificabile ad hoc per ogni attivit\u00e0, permette un risparmio di\u2026 <a class=\"wp-block-latest-posts__read-more\" href=\"https:\/\/bdbyte.com\/index.php\/2022\/11\/01\/ama-advanced-maintenance-application\/\" rel=\"noopener noreferrer\">Leggi tutto<span class=\"screen-reader-text\">: AMA (advanced maintenance application)<\/span><\/a><\/div><\/li>\n<li><div class=\"wp-block-latest-posts__featured-image alignleft\"><a href=\"https:\/\/bdbyte.com\/index.php\/2022\/02\/06\/hello-world\/\" aria-label=\"Benvenuto nel nostro Sito\"><img loading=\"lazy\" decoding=\"async\" width=\"69\" height=\"70\" src=\"https:\/\/bdbyte.com\/wp-content\/uploads\/2022\/02\/logo-bbg.png\" class=\"attachment-thumbnail size-thumbnail wp-post-image\" alt=\"\" style=\"\" \/><\/a><\/div><a class=\"wp-block-latest-posts__post-title\" href=\"https:\/\/bdbyte.com\/index.php\/2022\/02\/06\/hello-world\/\">Benvenuto nel nostro Sito<\/a><time datetime=\"2022-02-06T08:57:07+00:00\" class=\"wp-block-latest-posts__post-date\">Febbraio 6, 2022<\/time><div class=\"wp-block-latest-posts__post-excerpt\">Gentile Visitatore,siamo lieti di saperti nel nostro sito dove potrai approfondire le attivit\u00e0 che sviluppa lo Studio di Ingegneria Brilli. Con sede ad Aprilia, Via delle Margherite 121, in provincia di Latina.<\/div><\/li>\n<\/ul>","protected":false},"excerpt":{"rendered":"<p>Lighting Engineering Ingegneria Illuminotecnica per la progettazione ingegneristica illuminotecnica urbana, industriale e civile Progettazione Civile ed Industriale Settore Ingegneria strutturale ed impiantistica, per ambienti pi\u00f9 sani, ecocompatibili e sostenibili per un futuro migliore Progettazione Antincendio Settore Ingegneria antincendio progetti e pratiche VVF per settore Industriale o civile, per una sicurezza all'avanguardia ed accessibile. Impianti Rinnovabili [&hellip;]<\/p>\n","protected":false},"author":1,"featured_media":0,"parent":0,"menu_order":0,"comment_status":"closed","ping_status":"closed","template":"","meta":{"om_disable_all_campaigns":false,"_monsterinsights_skip_tracking":false,"_monsterinsights_sitenote_active":false,"_monsterinsights_sitenote_note":"","_monsterinsights_sitenote_category":0,"footnotes":""},"class_list":["post-18","page","type-page","status-publish","hentry"],"aioseo_notices":[],"_links":{"self":[{"href":"https:\/\/bdbyte.com\/index.php\/wp-json\/wp\/v2\/pages\/18","targetHints":{"allow":["GET"]}}],"collection":[{"href":"https:\/\/bdbyte.com\/index.php\/wp-json\/wp\/v2\/pages"}],"about":[{"href":"https:\/\/bdbyte.com\/index.php\/wp-json\/wp\/v2\/types\/page"}],"author":[{"embeddable":true,"href":"https:\/\/bdbyte.com\/index.php\/wp-json\/wp\/v2\/users\/1"}],"replies":[{"embeddable":true,"href":"https:\/\/bdbyte.com\/index.php\/wp-json\/wp\/v2\/comments?post=18"}],"version-history":[{"count":12,"href":"https:\/\/bdbyte.com\/index.php\/wp-json\/wp\/v2\/pages\/18\/revisions"}],"predecessor-version":[{"id":122,"href":"https:\/\/bdbyte.com\/index.php\/wp-json\/wp\/v2\/pages\/18\/revisions\/122"}],"wp:attachment":[{"href":"https:\/\/bdbyte.com\/index.php\/wp-json\/wp\/v2\/media?parent=18"}],"curies":[{"name":"wp","href":"https:\/\/api.w.org\/{rel}","templated":true}]}}